{"id":5,"date":"2012-07-07T10:00:00","date_gmt":"2012-07-07T10:00:00","guid":{"rendered":"http:\/\/www.lamaze.info.pl\/?page_id=5"},"modified":"2012-07-09T13:01:37","modified_gmt":"2012-07-09T13:01:37","slug":"zabawki","status":"publish","type":"page","link":"http:\/\/www.lamaze.info.pl\/","title":{"rendered":"Zabawki"},"content":{"rendered":"<p><\/p>\n<p align=\"justify\">&nbsp;&nbsp;&nbsp;Masz w domu dziecko rz\u0105dne wra\u017ce\u0144 i nowych bod\u017ac\u00f3w? Jest ciekawe \u015bwiata i \u017cywo reaguje na nowe d\u017awi\u0119ki? Dok\u0142adnie bada, co tylko wpadnie mu w r\u0105czki? \u015awietnie. Twoje dziecko zas\u0142uguje na miano ma\u0142ego odkrywcy. A ma\u0142y odkrywca zas\u0142uguje na zabawki Lamaze. <strong>Zabawki Lamaze<\/strong> s\u0105 bajecznie kolorowe, wydaj\u0105 d\u017awi\u0119ki i s\u0105 po\u0142\u0105czeniem r\u00f3\u017cnych tekstur. Gdy zabawka towarzyszy maluchowi przez d\u0142u\u017cszy czas, ma\u0142y odkrywca znajduje coraz to nowe dla niej zastosowania, odkrywa nowe jej elementy. Faktem jest, \u017ce noworodek niewiele widzi, nie potrafi chwyta\u0107 zabawek a zas\u0142yszane d\u017awi\u0119ki jeszcze niewiele mu m\u00f3wi\u0105. Zabawki Lamaze mog\u0105 towarzyszy\u0107 maluchowi odk\u0105d tylko zacznie si\u0119 nimi interesowa\u0107. B\u0119d\u0105 pomaga\u0142y mu rozwija\u0107 zmys\u0142y, kt\u00f3re akurat b\u0119dzie mia\u0142 ochot\u0119 i potrzeb\u0119 rozwija\u0107.<\/p>\n<p align=\"justify\">&nbsp;&nbsp;&nbsp;Dziecko inaczej poznaje \u015bwiat, gdy ledwie potrafi operowa\u0107 r\u0105czkami, inaczej, gdy potrafi wykona\u0107 nimi konkretne operacje, jeszcze inaczej, gdy naucz\u0105 si\u0119 przemieszcza\u0107. Na ka\u017cdym z tych etap\u00f3w dziecko potrzebuje innych bod\u017ac\u00f3w, innych bod\u017ac\u00f3w szuka w otoczeniu. I w\u0142a\u015bnie w zabawkach Lamaze ma mo\u017cliwo\u015b\u0107 te bod\u017ace odnale\u017a\u0107, inne za ka\u017cdym razem, na ka\u017cdym etapie rozwoju. Lamaze to kolorowe, u\u015bmiechni\u0119te zabawki, kt\u00f3re dzwoni\u0105, grzechocz\u0105, szeleszcz\u0105. Maluch mo\u017ce je drapa\u0107, skuba\u0107, g\u0142aska\u0107, \u015bciska\u0107, mi\u0119tosi\u0107, gry\u017a\u0107. Ka\u017cda z tych czynno\u015bci gwarantuje ma\u0142emu odkrywcy nowe do\u015bwiadczenia z d\u017awi\u0119kami, fakturami, kszta\u0142tami. Jedna zabawka daje ca\u0142e mn\u00f3stwo mo\u017cliwo\u015bci. Przyjemnie patrze\u0107 jak dziecko si\u0119 rozwija. Szczeg\u00f3lnie przyjemnie, gdy dzieje si\u0119 to z du\u017c\u0105 doz\u0105 rado\u015bci, w otoczeniu ulubionych zabawek, kt\u00f3re nie spoczn\u0105, dop\u00f3ki nie zostan\u0105 odkryte do ko\u0144ca. Zabawki Lamaze to nie tylko zabawki sensoryczne dla niemowl\u0105t. To tak\u017ce zabawki muzyczne, kt\u00f3rych w\u0142a\u015bciwo\u015bci b\u0119dzie potrafi\u0142o wykorzysta\u0107 nieco starsze dziecko, wci\u0105\u017c rz\u0105dne nowych wra\u017ce\u0144, a dodatkowo maj\u0105ce coraz lepiej rozwini\u0119te zdolno\u015bci motoryczne. Rozwini\u0119te w\u0142a\u015bnie dzi\u0119ki wcze\u015bniejszemu eksplorowaniu \u015bwiata.<\/p>\n","protected":false},"excerpt":{"rendered":"<p>&nbsp;&nbsp;&nbsp;Masz w domu dziecko rz\u0105dne wra\u017ce\u0144 i nowych bod\u017ac\u00f3w? Jest ciekawe \u015bwiata i \u017cywo reaguje na nowe d\u017awi\u0119ki? Dok\u0142adnie bada, co tylko wpadnie mu w r\u0105czki? \u015awietnie. Twoje dziecko zas\u0142uguje na miano ma\u0142ego odkrywcy. A ma\u0142y odkrywca zas\u0142uguje na zabawki Lamaze. Zabawki Lamaze s\u0105 bajecznie kolorowe, wydaj\u0105 d\u017awi\u0119ki i s\u0105 po\u0142\u0105czeniem r\u00f3\u017cnych tekstur. Gdy zabawka [&hellip;]<\/p>\n","protected":false},"author":1,"featured_media":0,"parent":0,"menu_order":0,"comment_status":"open","ping_status":"open","template":"","meta":[],"_links":{"self":[{"href":"http:\/\/www.lamaze.info.pl\/index.php\/wp-json\/wp\/v2\/pages\/5"}],"collection":[{"href":"http:\/\/www.lamaze.info.pl\/index.php\/wp-json\/wp\/v2\/pages"}],"about":[{"href":"http:\/\/www.lamaze.info.pl\/index.php\/wp-json\/wp\/v2\/types\/page"}],"author":[{"embeddable":true,"href":"http:\/\/www.lamaze.info.pl\/index.php\/wp-json\/wp\/v2\/users\/1"}],"replies":[{"embeddable":true,"href":"http:\/\/www.lamaze.info.pl\/index.php\/wp-json\/wp\/v2\/comments?post=5"}],"version-history":[{"count":16,"href":"http:\/\/www.lamaze.info.pl\/index.php\/wp-json\/wp\/v2\/pages\/5\/revisions"}],"predecessor-version":[{"id":89,"href":"http:\/\/www.lamaze.info.pl\/index.php\/wp-json\/wp\/v2\/pages\/5\/revisions\/89"}],"wp:attachment":[{"href":"http:\/\/www.lamaze.info.pl\/index.php\/wp-json\/wp\/v2\/media?parent=5"}],"curies":[{"name":"wp","href":"https:\/\/api.w.org\/{rel}","templated":true}]}}